{"id":78,"date":"2020-11-10T11:05:30","date_gmt":"2020-11-10T10:05:30","guid":{"rendered":"https:\/\/testemmaushagsav.wordpress.com\/?page_id=78"},"modified":"2025-10-17T08:37:03","modified_gmt":"2025-10-17T06:37:03","slug":"acheter-donner","status":"publish","type":"page","link":"https:\/\/www.emmaus-nordalsace.fr\/?page_id=78","title":{"rendered":"Acheter"},"content":{"rendered":"\n<h2 class=\"wp-block-heading has-text-color has-x-large-font-size\" style=\"color:#4c4f50\">Acheter<\/h2>\n\n\n\n<h2 class=\"wp-block-heading has-text-color has-x-large-font-size\" style=\"color:#4c4f50;text-transform:capitalize\">Pourquoi acheter?<\/h2>\n\n\n\n<p><\/p>\n\n\n\n<div class=\"wp-block-media-text alignwide has-media-on-the-right is-stacked-on-mobile\" style=\"grid-template-columns:auto 34%\"><div class=\"wp-block-media-text__content\">\n<p class=\"has-text-align-left\">Chez Emma\u00fcs, tous les objets que l\u2019on trouve ont \u00e9t\u00e9 donn\u00e9s, tri\u00e9s et revaloris\u00e9s par les personnes accueillies au sein du Mouvement. En achetant chez Emma\u00fcs, on s\u2019\u00e9quipe donc de mani\u00e8re alternative\u2026 Tout en r\u00e9alisant une action de solidarit\u00e9 !<\/p>\n\n\n\n<p>Pour Emma\u00fcs, l\u2019activit\u00e9 de vente est la base de tous ses projets puisque c\u2019est ainsi que le mouvement r\u00e9colte des fonds pour financer ses activit\u00e9s solidaires.<\/p>\n\n\n\n<p>Vos achats nous permettent d&rsquo;\u00eatre totalement ind\u00e9pendants financi\u00e8rement, comme le souhaitait l&rsquo;Abb\u00e9 Pierre afin d&rsquo;assurer notre libert\u00e9 d&rsquo;expression et d&rsquo;action face aux pouvoirs publics.<\/p>\n<\/div><figure class=\"wp-block-media-text__media\"><img loading=\"lazy\" decoding=\"async\" width=\"724\" height=\"1024\" src=\"https:\/\/www.emmaus-nordalsace.fr\/wp-content\/uploads\/2025\/01\/2oBPgLQE-1-1-724x1024.png\" alt=\"\" class=\"wp-image-5407 size-full\" srcset=\"https:\/\/www.emmaus-nordalsace.fr\/wp-content\/uploads\/2025\/01\/2oBPgLQE-1-1-724x1024.png 724w, https:\/\/www.emmaus-nordalsace.fr\/wp-content\/uploads\/2025\/01\/2oBPgLQE-1-1-212x300.png 212w, https:\/\/www.emmaus-nordalsace.fr\/wp-content\/uploads\/2025\/01\/2oBPgLQE-1-1-768x1087.png 768w, https:\/\/www.emmaus-nordalsace.fr\/wp-content\/uploads\/2025\/01\/2oBPgLQE-1-1-1085x1536.png 1085w, https:\/\/www.emmaus-nordalsace.fr\/wp-content\/uploads\/2025\/01\/2oBPgLQE-1-1-17x24.png 17w, https:\/\/www.emmaus-nordalsace.fr\/wp-content\/uploads\/2025\/01\/2oBPgLQE-1-1-25x36.png 25w, https:\/\/www.emmaus-nordalsace.fr\/wp-content\/uploads\/2025\/01\/2oBPgLQE-1-1-34x48.png 34w, https:\/\/www.emmaus-nordalsace.fr\/wp-content\/uploads\/2025\/01\/2oBPgLQE-1-1.png 1447w\" sizes=\"auto, (max-width: 724px) 100vw, 724px\" \/><\/figure><\/div>\n\n\n\n<div style=\"height:88px\" aria-hidden=\"true\" class=\"wp-block-spacer\"><\/div>\n\n\n\n<h2 class=\"wp-block-heading has-text-color has-x-large-font-size\" style=\"color:#4c4f50\">O\u00f9 acheter?<\/h2>\n\n\n\n<div class=\"wp-block-columns is-layout-flex wp-container-core-columns-is-layout-9d6595d7 wp-block-columns-is-layout-flex\">\n<div class=\"wp-block-column is-layout-flow wp-block-column-is-layout-flow\">\n<figure class=\"wp-block-image size-large\"><img loading=\"lazy\" decoding=\"async\" width=\"1024\" height=\"681\" src=\"http:\/\/emmaus-nordalsace.fr\/wp-content\/uploads\/2021\/06\/2\u00b0-confinement-1024x681.jpg\" alt=\"\" class=\"wp-image-1344\" srcset=\"https:\/\/www.emmaus-nordalsace.fr\/wp-content\/uploads\/2021\/06\/2\u00b0-confinement-1024x681.jpg 1024w, https:\/\/www.emmaus-nordalsace.fr\/wp-content\/uploads\/2021\/06\/2\u00b0-confinement-300x200.jpg 300w, https:\/\/www.emmaus-nordalsace.fr\/wp-content\/uploads\/2021\/06\/2\u00b0-confinement-768x511.jpg 768w, https:\/\/www.emmaus-nordalsace.fr\/wp-content\/uploads\/2021\/06\/2\u00b0-confinement-1536x1022.jpg 1536w, https:\/\/www.emmaus-nordalsace.fr\/wp-content\/uploads\/2021\/06\/2\u00b0-confinement-2048x1363.jpg 2048w, https:\/\/www.emmaus-nordalsace.fr\/wp-content\/uploads\/2021\/06\/2\u00b0-confinement-1200x799.jpg 1200w, https:\/\/www.emmaus-nordalsace.fr\/wp-content\/uploads\/2021\/06\/2\u00b0-confinement-1980x1318.jpg 1980w\" sizes=\"auto, (max-width: 1024px) 100vw, 1024px\" \/><\/figure>\n\n\n\n<h3 class=\"wp-block-heading has-text-align-center has-text-color has-medium-font-size\" style=\"color:#4c4f50\">Emma\u00fcs Haguenau<\/h3>\n<\/div>\n\n\n\n<div class=\"wp-block-column is-layout-flow wp-block-column-is-layout-flow\">\n<figure class=\"wp-block-image size-large\"><img loading=\"lazy\" decoding=\"async\" width=\"1024\" height=\"681\" src=\"http:\/\/emmaus-nordalsace.fr\/wp-content\/uploads\/2021\/06\/DSC04458-1024x681.jpg\" alt=\"\" class=\"wp-image-1413\" srcset=\"https:\/\/www.emmaus-nordalsace.fr\/wp-content\/uploads\/2021\/06\/DSC04458-1024x681.jpg 1024w, https:\/\/www.emmaus-nordalsace.fr\/wp-content\/uploads\/2021\/06\/DSC04458-300x200.jpg 300w, https:\/\/www.emmaus-nordalsace.fr\/wp-content\/uploads\/2021\/06\/DSC04458-768x511.jpg 768w, https:\/\/www.emmaus-nordalsace.fr\/wp-content\/uploads\/2021\/06\/DSC04458-1536x1022.jpg 1536w, https:\/\/www.emmaus-nordalsace.fr\/wp-content\/uploads\/2021\/06\/DSC04458-2048x1363.jpg 2048w\" sizes=\"auto, (max-width: 1024px) 100vw, 1024px\" \/><\/figure>\n\n\n\n<h3 class=\"wp-block-heading has-text-align-center has-text-color has-medium-font-size\" style=\"color:#4c4f50\">Emma\u00fcs Saverne<\/h3>\n\n\n\n<div class=\"wp-block-buttons alignfull is-horizontal is-content-justification-center is-layout-flex wp-container-core-buttons-is-layout-499968f5 wp-block-buttons-is-layout-flex\">\n<div class=\"wp-block-button is-style-primary\"><a class=\"wp-block-button__link wp-element-button\" href=\"..\/?page_id=1091\" style=\"border-radius:10px\">Horaires &amp; Acc\u00e8s<\/a><\/div>\n<\/div>\n<\/div>\n\n\n\n<div class=\"wp-block-column is-layout-flow wp-block-column-is-layout-flow\">\n<h3 class=\"wp-block-heading has-text-align-center has-text-color has-medium-font-size\" style=\"color:#4c4f50\"><\/h3>\n<\/div>\n<\/div>\n\n\n\n<div style=\"height:51px\" aria-hidden=\"true\" class=\"wp-block-spacer\"><\/div>\n\n\n\n<div class=\"wp-block-media-text alignwide has-media-on-the-right is-stacked-on-mobile\" style=\"grid-template-columns:auto 38%\"><div class=\"wp-block-media-text__content\">\n<h2 class=\"wp-block-heading has-text-color has-x-large-font-size\" style=\"color:#4c4f50\">Livraison<\/h2>\n\n\n\n<p>Vous avez craqu\u00e9 pour une armoire mais elle ne rentre pas dans votre voiture?<\/p>\n\n\n\n<p>Emma\u00fcs Nord Alsace vous propose la livraison \u00e0 domicile \u00e0 partir de 10\u20ac.<\/p>\n\n\n\n<p>Pour plus d&rsquo;infos, rendez-vous \u00e0 l&rsquo;accueil de nos salles de vente.<\/p>\n<\/div><figure class=\"wp-block-media-text__media\"><img loading=\"lazy\" decoding=\"async\" width=\"1024\" height=\"771\" src=\"http:\/\/emmaus-nordalsace.fr\/wp-content\/uploads\/2021\/07\/IMG_8942bis-edited-1-1024x771.jpg\" alt=\"\" class=\"wp-image-2154 size-full\" srcset=\"https:\/\/www.emmaus-nordalsace.fr\/wp-content\/uploads\/2021\/07\/IMG_8942bis-edited-1-1024x771.jpg 1024w, https:\/\/www.emmaus-nordalsace.fr\/wp-content\/uploads\/2021\/07\/IMG_8942bis-edited-1-300x226.jpg 300w, https:\/\/www.emmaus-nordalsace.fr\/wp-content\/uploads\/2021\/07\/IMG_8942bis-edited-1-768x579.jpg 768w, https:\/\/www.emmaus-nordalsace.fr\/wp-content\/uploads\/2021\/07\/IMG_8942bis-edited-1-1536x1157.jpg 1536w, https:\/\/www.emmaus-nordalsace.fr\/wp-content\/uploads\/2021\/07\/IMG_8942bis-edited-1.jpg 2007w\" sizes=\"auto, (max-width: 1024px) 100vw, 1024px\" \/><\/figure><\/div>\n","protected":false},"excerpt":{"rendered":"<p>Acheter Pourquoi acheter? Chez Emma\u00fcs, tous les objets que l\u2019on trouve ont \u00e9t\u00e9 donn\u00e9s, tri\u00e9s et revaloris\u00e9s par les personnes accueillies au sein du Mouvement. En achetant chez Emma\u00fcs, on s\u2019\u00e9quipe donc de mani\u00e8re alternative\u2026 Tout en r\u00e9alisant une action de solidarit\u00e9 ! Pour Emma\u00fcs, l\u2019activit\u00e9 de vente est la base de tous ses projets&hellip;&nbsp;<a href=\"https:\/\/www.emmaus-nordalsace.fr\/?page_id=78\" rel=\"bookmark\">Lire la suite &raquo;<span class=\"screen-reader-text\">Acheter<\/span><\/a><\/p>\n","protected":false},"author":1,"featured_media":0,"parent":0,"menu_order":0,"comment_status":"closed","ping_status":"closed","template":"","meta":{"neve_meta_sidebar":"full-width","neve_meta_container":"contained","neve_meta_enable_content_width":"on","neve_meta_content_width":70,"neve_meta_title_alignment":"","neve_meta_author_avatar":"","neve_post_elements_order":"","neve_meta_disable_header":"off","neve_meta_disable_footer":"","neve_meta_disable_title":"on","_themeisle_gutenberg_block_has_review":false,"footnotes":""},"class_list":["post-78","page","type-page","status-publish","hentry"],"jetpack_sharing_enabled":true,"_links":{"self":[{"href":"https:\/\/www.emmaus-nordalsace.fr\/index.php?rest_route=\/wp\/v2\/pages\/78","targetHints":{"allow":["GET"]}}],"collection":[{"href":"https:\/\/www.emmaus-nordalsace.fr\/index.php?rest_route=\/wp\/v2\/pages"}],"about":[{"href":"https:\/\/www.emmaus-nordalsace.fr\/index.php?rest_route=\/wp\/v2\/types\/page"}],"author":[{"embeddable":true,"href":"https:\/\/www.emmaus-nordalsace.fr\/index.php?rest_route=\/wp\/v2\/users\/1"}],"replies":[{"embeddable":true,"href":"https:\/\/www.emmaus-nordalsace.fr\/index.php?rest_route=%2Fwp%2Fv2%2Fcomments&post=78"}],"version-history":[{"count":21,"href":"https:\/\/www.emmaus-nordalsace.fr\/index.php?rest_route=\/wp\/v2\/pages\/78\/revisions"}],"predecessor-version":[{"id":6045,"href":"https:\/\/www.emmaus-nordalsace.fr\/index.php?rest_route=\/wp\/v2\/pages\/78\/revisions\/6045"}],"wp:attachment":[{"href":"https:\/\/www.emmaus-nordalsace.fr\/index.php?rest_route=%2Fwp%2Fv2%2Fmedia&parent=78"}],"curies":[{"name":"wp","href":"https:\/\/api.w.org\/{rel}","templated":true}]}}