{"id":468,"date":"2021-05-19T20:50:41","date_gmt":"2021-05-19T18:50:41","guid":{"rendered":"http:\/\/emmaus67.pro.dns-orange.fr\/wp\/?page_id=468"},"modified":"2025-01-27T11:47:43","modified_gmt":"2025-01-27T10:47:43","slug":"donner","status":"publish","type":"page","link":"https:\/\/www.emmaus-nordalsace.fr\/?page_id=468","title":{"rendered":"Donner"},"content":{"rendered":"\n<h2 class=\"wp-block-heading has-text-color has-x-large-font-size\" style=\"color:#4c4f50\">Donner<\/h2>\n\n\n\n<p><\/p>\n\n\n\n<h2 class=\"wp-block-heading has-text-color has-x-large-font-size\" style=\"color:#4c4f50\">Comment donner ?<\/h2>\n\n\n\n<div class=\"wp-block-group\"><div class=\"wp-block-group__inner-container is-layout-flow wp-block-group-is-layout-flow\">\n<p class=\"has-text-align-left\">Vous souhaitez nous donner des objets ? Rien de plus simple !<\/p>\n<\/div><\/div>\n\n\n\n<p>Deux possibilit\u00e9s s&rsquo;offrent \u00e0 vous:<\/p>\n\n\n\n<div class=\"wp-block-columns is-layout-flex wp-container-core-columns-is-layout-9d6595d7 wp-block-columns-is-layout-flex\">\n<div class=\"wp-block-column is-layout-flow wp-block-column-is-layout-flow\">\n<h3 class=\"wp-block-heading has-text-align-center has-text-color has-medium-font-size\" style=\"color:#4c4f50\">Le d\u00e9p\u00f4t<\/h3>\n\n\n\n<p><\/p>\n\n\n\n<p class=\"has-text-align-left has-normal-font-size\">Vous pouvez nous d\u00e9poser vos objets sur nos trois sites de Haguenau, Saverne et Wissembourg.<\/p>\n\n\n\n<div style=\"height:7px\" aria-hidden=\"true\" class=\"wp-block-spacer\"><\/div>\n\n\n\n<div class=\"wp-block-buttons is-horizontal is-content-justification-center is-layout-flex wp-container-core-buttons-is-layout-499968f5 wp-block-buttons-is-layout-flex\">\n<div class=\"wp-block-button is-style-primary\"><a class=\"wp-block-button__link wp-element-button\" href=\"https:\/\/emmaus-nordalsace.fr\/?page_id=1091\" style=\"border-radius:10px\">Horaires &amp; acc\u00e8s<\/a><\/div>\n<\/div>\n\n\n\n<div style=\"height:61px\" aria-hidden=\"true\" class=\"wp-block-spacer\"><\/div>\n\n\n<div class=\"wp-block-image\">\n<figure class=\"aligncenter size-full is-resized\"><img loading=\"lazy\" decoding=\"async\" width=\"1512\" height=\"1512\" src=\"https:\/\/emmaus-nordalsace.fr\/wp-content\/uploads\/2021\/07\/IMG_8939bis-edited-1.jpg\" alt=\"\" class=\"wp-image-2252\" style=\"width:378px;height:378px\" srcset=\"https:\/\/www.emmaus-nordalsace.fr\/wp-content\/uploads\/2021\/07\/IMG_8939bis-edited-1.jpg 1512w, https:\/\/www.emmaus-nordalsace.fr\/wp-content\/uploads\/2021\/07\/IMG_8939bis-edited-1-300x300.jpg 300w, https:\/\/www.emmaus-nordalsace.fr\/wp-content\/uploads\/2021\/07\/IMG_8939bis-edited-1-1024x1024.jpg 1024w, https:\/\/www.emmaus-nordalsace.fr\/wp-content\/uploads\/2021\/07\/IMG_8939bis-edited-1-150x150.jpg 150w, https:\/\/www.emmaus-nordalsace.fr\/wp-content\/uploads\/2021\/07\/IMG_8939bis-edited-1-768x768.jpg 768w\" sizes=\"auto, (max-width: 1512px) 100vw, 1512px\" \/><\/figure>\n<\/div><\/div>\n\n\n\n<div class=\"wp-block-column is-layout-flow wp-block-column-is-layout-flow\">\n<h3 class=\"wp-block-heading has-text-align-center has-text-color has-medium-font-size\" style=\"color:#4c4f50\">L&rsquo;enl\u00e8vement<\/h3>\n\n\n\n<p class=\"has-text-align-left\">Vous ne pouvez pas vous d\u00e9placer et vous avez des objets volumineux chez vous\u00a0? Alors l&rsquo;enl\u00e8vement \u00e0 domicile est fait pour vous. Et en plus c&rsquo;est gratuit ! Pour cela, il suffit juste de prendre RDV.<\/p>\n\n\n\n<div class=\"wp-block-buttons is-horizontal is-content-justification-center is-layout-flex wp-container-core-buttons-is-layout-499968f5 wp-block-buttons-is-layout-flex\">\n<div class=\"wp-block-button is-style-primary\"><a class=\"wp-block-button__link wp-element-button\" href=\"https:\/\/haguenau.ramassage.fr\/public\/emma\/\" style=\"border-radius:10px\" target=\"_blank\" rel=\"noreferrer noopener\">Prendre RDV<\/a><\/div>\n<\/div>\n\n\n\n<div style=\"height:61px\" aria-hidden=\"true\" class=\"wp-block-spacer\"><\/div>\n\n\n<div class=\"wp-block-image\">\n<figure class=\"aligncenter size-full is-resized\"><img loading=\"lazy\" decoding=\"async\" width=\"2016\" height=\"1512\" src=\"https:\/\/emmaus-nordalsace.fr\/wp-content\/uploads\/2021\/07\/IMG_8942bis.jpg\" alt=\"\" class=\"wp-image-2151\" style=\"height:378px\" srcset=\"https:\/\/www.emmaus-nordalsace.fr\/wp-content\/uploads\/2021\/07\/IMG_8942bis.jpg 2016w, https:\/\/www.emmaus-nordalsace.fr\/wp-content\/uploads\/2021\/07\/IMG_8942bis-300x225.jpg 300w, https:\/\/www.emmaus-nordalsace.fr\/wp-content\/uploads\/2021\/07\/IMG_8942bis-1024x768.jpg 1024w, https:\/\/www.emmaus-nordalsace.fr\/wp-content\/uploads\/2021\/07\/IMG_8942bis-768x576.jpg 768w, https:\/\/www.emmaus-nordalsace.fr\/wp-content\/uploads\/2021\/07\/IMG_8942bis-1536x1152.jpg 1536w\" sizes=\"auto, (max-width: 2016px) 100vw, 2016px\" \/><\/figure>\n<\/div>\n\n\n<p><\/p>\n<\/div>\n<\/div>\n\n\n\n<div style=\"height:26px\" aria-hidden=\"true\" class=\"wp-block-spacer\"><\/div>\n\n\n\n<div class=\"wp-block-columns is-layout-flex wp-container-core-columns-is-layout-9d6595d7 wp-block-columns-is-layout-flex\">\n<div class=\"wp-block-column is-layout-flow wp-block-column-is-layout-flow\">\n<p class=\"has-text-align-center has-nv-light-bg-color has-neve-link-hover-color-background-color has-text-color has-background has-medium-font-size\"><strong>Pour faire un don c&rsquo;est <a href=\"https:\/\/www.payassociation.fr\/emmaushaguenau\/dons\" data-type=\"URL\" target=\"_blank\" rel=\"noreferrer noopener\">ici <\/a>!<\/strong><\/p>\n<\/div>\n<\/div>\n\n\n\n<div style=\"height:39px\" aria-hidden=\"true\" class=\"wp-block-spacer\"><\/div>\n\n\n\n<h2 class=\"wp-block-heading has-text-color has-x-large-font-size\" style=\"color:#4c4f50\">Donner oui, mais quoi?<\/h2>\n\n\n\n<div style=\"height:18px\" aria-hidden=\"true\" class=\"wp-block-spacer\"><\/div>\n\n\n\n<div class=\"wp-block-columns is-layout-flex wp-container-core-columns-is-layout-9d6595d7 wp-block-columns-is-layout-flex\">\n<div class=\"wp-block-column is-layout-flow wp-block-column-is-layout-flow\">\n<h3 class=\"wp-block-heading alignwide has-text-align-center has-text-color has-medium-font-size\" style=\"color:#4c4f50\">MON OBJET EST EN BON ETAT OU REPARABLE <\/h3>\n\n\n<div class=\"wp-block-image\">\n<figure class=\"aligncenter size-large\"><img loading=\"lazy\" decoding=\"async\" width=\"128\" height=\"128\" src=\"http:\/\/emmaus-nordalsace.fr\/wp-content\/uploads\/2021\/07\/picto-pouce-leve-vert.png\" alt=\"\" class=\"wp-image-2186\"\/><\/figure>\n<\/div>\n\n\n<p class=\"has-text-align-center\">Alors il peut encore faire des heureux ! *<\/p>\n\n\n\n<p class=\"has-text-align-center\">Liste des objets que nous acceptons avec plaisir.<\/p>\n\n\n\n<div style=\"height:59px\" aria-hidden=\"true\" class=\"wp-block-spacer\"><\/div>\n\n\n\n<div class=\"wp-block-buttons is-horizontal is-content-justification-center is-layout-flex wp-container-core-buttons-is-layout-499968f5 wp-block-buttons-is-layout-flex\">\n<div class=\"wp-block-button is-style-primary\"><a class=\"wp-block-button__link wp-element-button\" href=\"https:\/\/emmaus-nordalsace.fr\/?page_id=2454\" style=\"border-radius:10px\" target=\"_blank\" rel=\"noreferrer noopener\">OUI MERCI !<\/a><\/div>\n<\/div>\n<\/div>\n\n\n\n<div class=\"wp-block-column is-layout-flow wp-block-column-is-layout-flow\">\n<h3 class=\"wp-block-heading has-text-align-right has-text-color has-medium-font-size\" style=\"color:#4c4f50\"><strong>MON OBJET N\u2019EST PAS EN BON \u00c9TAT<\/strong><\/h3>\n\n\n<div class=\"wp-block-image\">\n<figure class=\"aligncenter size-large\"><img loading=\"lazy\" decoding=\"async\" width=\"128\" height=\"128\" src=\"http:\/\/emmaus-nordalsace.fr\/wp-content\/uploads\/2021\/07\/picto-pouce-baisse-rouge.png\" alt=\"\" class=\"wp-image-2185\"\/><\/figure>\n<\/div>\n\n\n<p class=\"has-text-align-center\">Il n&rsquo;est <strong>pas r\u00e9parable, trop ab\u00eem\u00e9 ou souill\u00e9<\/strong>:                     C&rsquo;est triste, mais cet objet est bel et bien devenu un d\u00e9chet.                                                                             Il ne peut donc <strong>PAS \u00eatre accept\u00e9<\/strong> afin de ne pas constituer une charge pour la communaut\u00e9 Emma\u00fcs.<\/p>\n\n\n\n<p class=\"has-text-align-center\">Liste des objets que nous ne pouvons accepter.<\/p>\n\n\n\n<div class=\"wp-block-buttons is-horizontal is-content-justification-center is-layout-flex wp-container-core-buttons-is-layout-499968f5 wp-block-buttons-is-layout-flex\">\n<div class=\"wp-block-button is-style-primary\"><a class=\"wp-block-button__link wp-element-button\" href=\"https:\/\/emmaus-nordalsace.fr\/?page_id=2454\" style=\"border-radius:10px\" target=\"_blank\" rel=\"noreferrer noopener\">NON MERCI !<\/a><\/div>\n<\/div>\n<\/div>\n<\/div>\n\n\n\n<p>* A noter que tous les groupes Emma\u00fcs ne disposent pas des m\u00eames ateliers ou comp\u00e9tences et peuvent se r\u00e9server le droit de refuser certains dons.                                                                                                                     On n\u2019y pense peu, mais les vieilles cassettes vid\u00e9o ou les vieux pianos d\u00e9glingu\u00e9s nous restent souvent sur les bras !<\/p>\n\n\n\n<div style=\"height:37px\" aria-hidden=\"true\" class=\"wp-block-spacer\"><\/div>\n\n\n<div class=\"wp-block-image\">\n<figure class=\"alignright size-full\"><img loading=\"lazy\" decoding=\"async\" width=\"225\" height=\"225\" src=\"https:\/\/emmaus-nordalsace.fr\/wp-content\/uploads\/2021\/07\/la-terre-1.png\" alt=\"\" class=\"wp-image-2569\" srcset=\"https:\/\/www.emmaus-nordalsace.fr\/wp-content\/uploads\/2021\/07\/la-terre-1.png 225w, https:\/\/www.emmaus-nordalsace.fr\/wp-content\/uploads\/2021\/07\/la-terre-1-150x150.png 150w\" sizes=\"auto, (max-width: 225px) 100vw, 225px\" \/><\/figure>\n<\/div>\n\n\n<h2 class=\"wp-block-heading has-text-color has-x-large-font-size\" style=\"color:#4c4f50\">Pourquoi donner?<\/h2>\n\n\n\n<p>La r\u00e9ponse est tr\u00e8s simple:                                                                                     Vos dons sont <strong>notre seule ressource<\/strong>, et en plus cela fait de vous des h\u00e9ros du quotidien&#8230;<\/p>\n\n\n\n<p>Et oui ! Donner c&rsquo;est participer \u00e0 une cha\u00eene de solidarit\u00e9 humaine et aussi participer \u00e0 sauver la plan\u00e8te.<\/p>\n\n\n\n<div style=\"height:47px\" aria-hidden=\"true\" class=\"wp-block-spacer\"><\/div>\n\n\n\n<div class=\"wp-block-columns is-layout-flex wp-container-core-columns-is-layout-9d6595d7 wp-block-columns-is-layout-flex\">\n<div class=\"wp-block-column is-layout-flow wp-block-column-is-layout-flow\" style=\"flex-basis:100%\">\n<div class=\"wp-block-columns is-layout-flex wp-container-core-columns-is-layout-9d6595d7 wp-block-columns-is-layout-flex\">\n<div class=\"wp-block-column is-layout-flow wp-block-column-is-layout-flow\" style=\"flex-basis:100%\">\n<div class=\"wp-block-columns is-layout-flex wp-container-core-columns-is-layout-9d6595d7 wp-block-columns-is-layout-flex\">\n<div class=\"wp-block-column is-layout-flow wp-block-column-is-layout-flow\" style=\"flex-basis:50%\"><div class=\"wp-block-image is-style-default\">\n<figure class=\"alignleft size-large\"><img loading=\"lazy\" decoding=\"async\" width=\"1024\" height=\"724\" src=\"http:\/\/emmaus-nordalsace.fr\/wp-content\/uploads\/2021\/07\/Cycle-de-vie-du-produit-1024x724.jpg\" alt=\"\" class=\"wp-image-2104\" srcset=\"https:\/\/www.emmaus-nordalsace.fr\/wp-content\/uploads\/2021\/07\/Cycle-de-vie-du-produit-1024x724.jpg 1024w, https:\/\/www.emmaus-nordalsace.fr\/wp-content\/uploads\/2021\/07\/Cycle-de-vie-du-produit-300x212.jpg 300w, https:\/\/www.emmaus-nordalsace.fr\/wp-content\/uploads\/2021\/07\/Cycle-de-vie-du-produit-768x543.jpg 768w, https:\/\/www.emmaus-nordalsace.fr\/wp-content\/uploads\/2021\/07\/Cycle-de-vie-du-produit-1536x1086.jpg 1536w, https:\/\/www.emmaus-nordalsace.fr\/wp-content\/uploads\/2021\/07\/Cycle-de-vie-du-produit-2048x1448.jpg 2048w\" sizes=\"auto, (max-width: 1024px) 100vw, 1024px\" \/><\/figure>\n<\/div><\/div>\n\n\n\n<div class=\"wp-block-column is-vertically-aligned-center is-layout-flow wp-block-column-is-layout-flow\" style=\"flex-basis:50%\">\n<p class=\"has-text-align-center has-medium-font-size\"><strong>Emma\u00fcs acteur incontournable de l&rsquo;\u00e9conomie circulaire &amp; solidaire<\/strong><\/p>\n\n\n\n<p class=\"has-text-align-center\">Donner \u00e0 Emma\u00fcs, c&rsquo;est mettre le r\u00e9emploi au service de l&#8217;emploi et soutenir la lutte contre la grande exclusion.<\/p>\n\n\n\n<p class=\"has-text-align-center\">Vos dons nous permettent de g\u00e9n\u00e9rer de l&rsquo;activit\u00e9 et de redonner confiance aux Compagnons.<\/p>\n<\/div>\n<\/div>\n<\/div>\n<\/div>\n<\/div>\n<\/div>\n\n\n\n<p><\/p>\n","protected":false},"excerpt":{"rendered":"<p>Donner Comment donner ? Vous souhaitez nous donner des objets ? Rien de plus simple ! Deux possibilit\u00e9s s&rsquo;offrent \u00e0 vous: Le d\u00e9p\u00f4t Vous pouvez nous d\u00e9poser vos objets sur nos trois sites de Haguenau, Saverne et Wissembourg. L&rsquo;enl\u00e8vement Vous ne pouvez pas vous d\u00e9placer et vous avez des objets volumineux chez vous\u00a0? Alors l&rsquo;enl\u00e8vement&hellip;&nbsp;<a href=\"https:\/\/www.emmaus-nordalsace.fr\/?page_id=468\" rel=\"bookmark\">Lire la suite &raquo;<span class=\"screen-reader-text\">Donner<\/span><\/a><\/p>\n","protected":false},"author":1,"featured_media":0,"parent":0,"menu_order":0,"comment_status":"closed","ping_status":"closed","template":"","meta":{"neve_meta_sidebar":"full-width","neve_meta_container":"default","neve_meta_enable_content_width":"on","neve_meta_content_width":70,"neve_meta_title_alignment":"","neve_meta_author_avatar":"","neve_post_elements_order":"","neve_meta_disable_header":"","neve_meta_disable_footer":"","neve_meta_disable_title":"on","_themeisle_gutenberg_block_has_review":false,"footnotes":""},"class_list":["post-468","page","type-page","status-publish","hentry"],"jetpack_sharing_enabled":true,"_links":{"self":[{"href":"https:\/\/www.emmaus-nordalsace.fr\/index.php?rest_route=\/wp\/v2\/pages\/468","targetHints":{"allow":["GET"]}}],"collection":[{"href":"https:\/\/www.emmaus-nordalsace.fr\/index.php?rest_route=\/wp\/v2\/pages"}],"about":[{"href":"https:\/\/www.emmaus-nordalsace.fr\/index.php?rest_route=\/wp\/v2\/types\/page"}],"author":[{"embeddable":true,"href":"https:\/\/www.emmaus-nordalsace.fr\/index.php?rest_route=\/wp\/v2\/users\/1"}],"replies":[{"embeddable":true,"href":"https:\/\/www.emmaus-nordalsace.fr\/index.php?rest_route=%2Fwp%2Fv2%2Fcomments&post=468"}],"version-history":[{"count":27,"href":"https:\/\/www.emmaus-nordalsace.fr\/index.php?rest_route=\/wp\/v2\/pages\/468\/revisions"}],"predecessor-version":[{"id":5445,"href":"https:\/\/www.emmaus-nordalsace.fr\/index.php?rest_route=\/wp\/v2\/pages\/468\/revisions\/5445"}],"wp:attachment":[{"href":"https:\/\/www.emmaus-nordalsace.fr\/index.php?rest_route=%2Fwp%2Fv2%2Fmedia&parent=468"}],"curies":[{"name":"wp","href":"https:\/\/api.w.org\/{rel}","templated":true}]}}