{"id":3526,"date":"2022-08-17T09:26:50","date_gmt":"2022-08-17T07:26:50","guid":{"rendered":"https:\/\/www.emmaus-nordalsace.fr\/?page_id=3526"},"modified":"2022-08-17T09:30:31","modified_gmt":"2022-08-17T07:30:31","slug":"3526-2","status":"publish","type":"page","link":"https:\/\/www.emmaus-nordalsace.fr\/?page_id=3526","title":{"rendered":"R\u00e8glement tombola"},"content":{"rendered":"\n<div id=\"wp-block-themeisle-blocks-advanced-columns-19445314\" class=\"wp-block-themeisle-blocks-advanced-columns has-1-columns has-desktop-equal-layout has-tablet-equal-layout has-mobile-equal-layout has-vertical-unset\"><div class=\"wp-block-themeisle-blocks-advanced-columns-overlay\"><\/div><div class=\"innerblocks-wrap\">\n<div id=\"wp-block-themeisle-blocks-advanced-column-91a4c216\" class=\"wp-block-themeisle-blocks-advanced-column\">\n<p><strong>R\u00e8glement de la tombola 100% gagnante \u00ab V<em>ente solidaire sp\u00e9ciale anniversaire<\/em> \u00bb organis\u00e9e par Emma\u00fcs Nord Alsace<\/strong><\/p>\n\n\n\n<p><strong>Article 1 &#8211; Organisation<\/strong><\/p>\n\n\n\n<h1 class=\"wp-block-heading\">Article 1 &#8211; Organisation<\/h1>\n\n\n\n<p>L\u2019association Emma\u00fcs Nord Alsace, de loi 1901, organise du 16 ao\u00fbt 2022 au 21 ao\u00fbt 2022 une tombola 100% gagnante.<em><\/em><\/p>\n\n\n\n<h1 class=\"wp-block-heading\">Article 2 \u2013 Participants et conditions de participation<\/h1>\n\n\n\n<p><strong>Article 2 \u2013 Participants et conditions de participation<\/strong><\/p>\n\n\n\n<p>La tombola est ouverte \u00e0 toutes personnes physiques majeures, ou mineures avec autorisation du tuteur l\u00e9gal r\u00e9sident en France M\u00e9tropolitaine.<\/p>\n\n\n\n<p>Toute personne, ayant <em>achet\u00e9 un ticket de tombola <\/em>peut participer \u00e0 la tombola.<\/p>\n\n\n\n<p>Les billets seront <em>mis en vente au prix de 2\u20ac<\/em><\/p>\n\n\n\n<p>L\u2019\u00e9limination imm\u00e9diate du participant aura lieu si une tricherie est av\u00e9r\u00e9e.<\/p>\n\n\n\n<h1 class=\"wp-block-heading\">Article 3 \u2013 Dotation<\/h1>\n\n\n\n<p><strong>Article 3 \u2013 Dotation<\/strong><\/p>\n\n\n\n<p>La tombola est dot\u00e9e de 300 lots dont 4 gros lots<\/p>\n\n\n\n<ul class=\"wp-block-list\"><li>Lot de premier rang : Robot multifonctions Thomson d\u2019une valeur de [<em>250<\/em>] \u20ac<\/li><li>Lot de deuxi\u00e8me rang : <em>Robinet mitigeur<\/em> d\u2019une valeur de [<em>250<\/em>] \u20ac<\/li><li>Lot de troisi\u00e8me rang&nbsp;: Nuit\u00e9e au domaine de Heidenkopf d\u2019une valeur de 150\u20ac<\/li><li>Lot de quatri\u00e8me rang : V\u00e9lo d\u2019une valeur de 150 \u20ac<\/li><\/ul>\n\n\n\n<p>&nbsp; Les lots non r\u00e9clam\u00e9s seront mis en vente par l\u2019organisateur.<\/p>\n\n\n\n<p><strong>Article 4 \u2013 Tirage au sort<\/strong><\/p>\n\n\n\n<h1 class=\"wp-block-heading\">Article 4 \u2013 Tirage au sort<\/h1>\n\n\n\n<p>Les lots pourront \u00eatre retir\u00e9s \u00e0 partir du dimanche 21 aout jusqu\u2019au vendredi 26 aout inclus.<em><\/em><\/p>\n\n\n\n<p>Il ne sera attribu\u00e9 qu\u2019un seul lot par gagnant.<\/p>\n\n\n\n<p>Si le bon de participation est illisible, ratur\u00e9 ou non conforme, il sera annul\u00e9. Aucun autre bon ne pourra \u00eatre d\u00e9livr\u00e9.<\/p>\n\n\n\n<p>S\u2019il y a l\u2019existence d\u2019une tricherie av\u00e9r\u00e9e, le bulletin de la personne concern\u00e9e sera retir\u00e9 et consid\u00e9r\u00e9 comme nul.<\/p>\n\n\n\n<p><strong>Article 5 \u2013 Retrait des lots<\/strong><\/p>\n\n\n\n<h1 class=\"wp-block-heading\">Article 5 \u2013 Retrait des lots<\/h1>\n\n\n\n<p>La date limite de retrait des lots est fix\u00e9e au <em>vendredi 26 ao\u00fbt.<\/em> Les &nbsp;personnes souhaitant r\u00e9cup\u00e9rer leur lot, qui ne se seront pas manifest\u00e9 avant cette date se verront d\u00e9chue de leur droit, et perdront la propri\u00e9t\u00e9 du bien. Les lots non r\u00e9clam\u00e9s seront mis en vente.<\/p>\n\n\n\n<p>Les lots sont \u00e0 retirer sur place.<\/p>\n\n\n\n<p><strong>Article 6 \u2013 Limitation de responsabilit\u00e9<\/strong><\/p>\n\n\n\n<h1 class=\"wp-block-heading\">Article 6 \u2013 Limitation de responsabilit\u00e9<\/h1>\n\n\n\n<p>L\u2019association Emma\u00fcs Nord Alsace se r\u00e9serve le droit de modifier ou d\u2019annuler l\u2019op\u00e9ration, en raison de tout \u00e9v\u00e8nement sans que sa responsabilit\u00e9 ne soit engag\u00e9e. Dans ce cas, les participants se verront rembours\u00e9s du prix du bon de participation, sur pr\u00e9sentation de ce dernier.<\/p>\n\n\n\n<p><strong>Article 7 \u2013 Contestation et litige<\/strong><\/p>\n\n\n\n<h1 class=\"wp-block-heading\">Article 7 \u2013 Contestation et litige<\/h1>\n\n\n\n<p>Le pr\u00e9sent r\u00e8glement est soumis exclusivement \u00e0 la loi fran\u00e7aise.<\/p>\n\n\n\n<p>La participation \u00e0 cette op\u00e9ration, implique l\u2019acceptation pleine et enti\u00e8re du participant \u00e0 ce pr\u00e9sent r\u00e8glement.<\/p>\n\n\n\n<p>Toute contestation li\u00e9e \u00e0 cette op\u00e9ration, devra se faire par manuscrit, dans un d\u00e9lai de 7 jours suivant la d\u00e9claration des gagnants \u00e0 Emma\u00fcs Haguenau \u2013 99 route de Bischwiller \u2013 67500 Haguenau.<\/p>\n\n\n\n<p>Les lots ne peuvent donner lieu \u00e0 aucune contestation que ce soit de la part des participants. Le gagnant ne peut en aucun cas r\u00e9clamer le remplacement du gain, par un autre, ou exiger remboursement de ce dernier.<\/p>\n\n\n\n<h1 class=\"wp-block-heading\">Article 8 \u2013 Consultation du r\u00e8glement<\/h1>\n\n\n\n<p><strong>Article 8 \u2013 Consultation du r\u00e8glement<\/strong><\/p>\n\n\n\n<p>Ce r\u00e8glement des op\u00e9rations est adress\u00e9, \u00e0 titre gratuit, \u00e0 toute personne qui en fait la demande, aupr\u00e8s de Emma\u00fcs Haguenau. Il est \u00e9galement consultable sur : <a href=\"http:\/\/www.emmaus-nordalsace.fr\">www.emmaus-nordalsace.fr<\/a><\/p>\n<\/div>\n<\/div><\/div>\n\n\n\n<p><\/p>\n","protected":false},"excerpt":{"rendered":"","protected":false},"author":2,"featured_media":0,"parent":0,"menu_order":0,"comment_status":"closed","ping_status":"closed","template":"","meta":{"neve_meta_sidebar":"full-width","neve_meta_container":"","neve_meta_enable_content_width":"on","neve_meta_content_width":82,"neve_meta_title_alignment":"","neve_meta_author_avatar":"","neve_post_elements_order":"","neve_meta_disable_header":"","neve_meta_disable_footer":"","neve_meta_disable_title":"","_themeisle_gutenberg_block_has_review":false,"footnotes":""},"class_list":["post-3526","page","type-page","status-publish","hentry"],"jetpack_sharing_enabled":true,"_links":{"self":[{"href":"https:\/\/www.emmaus-nordalsace.fr\/index.php?rest_route=\/wp\/v2\/pages\/3526","targetHints":{"allow":["GET"]}}],"collection":[{"href":"https:\/\/www.emmaus-nordalsace.fr\/index.php?rest_route=\/wp\/v2\/pages"}],"about":[{"href":"https:\/\/www.emmaus-nordalsace.fr\/index.php?rest_route=\/wp\/v2\/types\/page"}],"author":[{"embeddable":true,"href":"https:\/\/www.emmaus-nordalsace.fr\/index.php?rest_route=\/wp\/v2\/users\/2"}],"replies":[{"embeddable":true,"href":"https:\/\/www.emmaus-nordalsace.fr\/index.php?rest_route=%2Fwp%2Fv2%2Fcomments&post=3526"}],"version-history":[{"count":3,"href":"https:\/\/www.emmaus-nordalsace.fr\/index.php?rest_route=\/wp\/v2\/pages\/3526\/revisions"}],"predecessor-version":[{"id":3529,"href":"https:\/\/www.emmaus-nordalsace.fr\/index.php?rest_route=\/wp\/v2\/pages\/3526\/revisions\/3529"}],"wp:attachment":[{"href":"https:\/\/www.emmaus-nordalsace.fr\/index.php?rest_route=%2Fwp%2Fv2%2Fmedia&parent=3526"}],"curies":[{"name":"wp","href":"https:\/\/api.w.org\/{rel}","templated":true}]}}