{"id":2465,"date":"2021-07-26T14:17:34","date_gmt":"2021-07-26T12:17:34","guid":{"rendered":"https:\/\/emmaus-nordalsace.fr\/?page_id=2465"},"modified":"2023-06-19T11:45:45","modified_gmt":"2023-06-19T09:45:45","slug":"2465-2","status":"publish","type":"page","link":"https:\/\/www.emmaus-nordalsace.fr\/?page_id=2465","title":{"rendered":"Newsletter"},"content":{"rendered":"\n<h2 class=\"wp-block-heading has-text-color has-x-large-font-size\" style=\"color:#5d5e5f\">Newsletter<\/h2>\n\n\n\n<p>Ne manquez aucun de nos bons plans solidaires en vous inscrivant \u00e0 notre newsletter !<\/p>\n\n\n<div class=\"wp-block-jetpack-contact-form is-layout-flex wp-container-jetpack-contact-form-is-layout-faa3ad1c wp-block-jetpack-contact-form-is-layout-flex\"><a href=\"https:\/\/www.emmaus-nordalsace.fr\/?page_id=2465\" target=\"_blank\" rel=\"noopener noreferrer\">Soumettre un formulaire.<\/a><\/div>\n\n\n<p>En envoyant vos informations, vous nous autorisez \u00e0 vous envoyer des e-mails. Vous pouvez vous d\u00e9sabonner \u00e0 tout moment.<\/p>\n\n\n\n<p><\/p>\n","protected":false},"excerpt":{"rendered":"<p>Newsletter Ne manquez aucun de nos bons plans solidaires en vous inscrivant \u00e0 notre newsletter ! En envoyant vos informations, vous nous autorisez \u00e0 vous envoyer des e-mails. Vous pouvez vous d\u00e9sabonner \u00e0 tout moment.<\/p>\n","protected":false},"author":2,"featured_media":0,"parent":0,"menu_order":0,"comment_status":"closed","ping_status":"closed","template":"","meta":{"neve_meta_sidebar":"full-width","neve_meta_container":"","neve_meta_enable_content_width":"on","neve_meta_content_width":70,"neve_meta_title_alignment":"","neve_meta_author_avatar":"","neve_post_elements_order":"","neve_meta_disable_header":"","neve_meta_disable_footer":"","neve_meta_disable_title":"","_themeisle_gutenberg_block_has_review":false,"footnotes":""},"class_list":["post-2465","page","type-page","status-publish","hentry"],"jetpack_sharing_enabled":true,"_links":{"self":[{"href":"https:\/\/www.emmaus-nordalsace.fr\/index.php?rest_route=\/wp\/v2\/pages\/2465","targetHints":{"allow":["GET"]}}],"collection":[{"href":"https:\/\/www.emmaus-nordalsace.fr\/index.php?rest_route=\/wp\/v2\/pages"}],"about":[{"href":"https:\/\/www.emmaus-nordalsace.fr\/index.php?rest_route=\/wp\/v2\/types\/page"}],"author":[{"embeddable":true,"href":"https:\/\/www.emmaus-nordalsace.fr\/index.php?rest_route=\/wp\/v2\/users\/2"}],"replies":[{"embeddable":true,"href":"https:\/\/www.emmaus-nordalsace.fr\/index.php?rest_route=%2Fwp%2Fv2%2Fcomments&post=2465"}],"version-history":[{"count":15,"href":"https:\/\/www.emmaus-nordalsace.fr\/index.php?rest_route=\/wp\/v2\/pages\/2465\/revisions"}],"predecessor-version":[{"id":4192,"href":"https:\/\/www.emmaus-nordalsace.fr\/index.php?rest_route=\/wp\/v2\/pages\/2465\/revisions\/4192"}],"wp:attachment":[{"href":"https:\/\/www.emmaus-nordalsace.fr\/index.php?rest_route=%2Fwp%2Fv2%2Fmedia&parent=2465"}],"curies":[{"name":"wp","href":"https:\/\/api.w.org\/{rel}","templated":true}]}}