{"id":1091,"date":"2021-06-05T12:52:44","date_gmt":"2021-06-05T10:52:44","guid":{"rendered":"http:\/\/emmaus67.pro.dns-orange.fr\/wp\/?page_id=1091"},"modified":"2025-11-03T11:18:17","modified_gmt":"2025-11-03T10:18:17","slug":"acces","status":"publish","type":"page","link":"https:\/\/www.emmaus-nordalsace.fr\/?page_id=1091","title":{"rendered":"Acc\u00e8s"},"content":{"rendered":"\n<h2 class=\"wp-block-heading has-text-color has-x-large-font-size\" style=\"color:#4c4f50\">Acc\u00e8s<\/h2>\n\n\n\n<div style=\"height:100px\" aria-hidden=\"true\" class=\"wp-block-spacer\"><\/div>\n\n\n\n<h2 class=\"wp-block-heading has-text-align-center has-text-color has-x-large-font-size\" style=\"color:#4c4f50\">EMMA\u00dcS HAGUENAU<\/h2>\n\n\n\n<div class=\"wp-block-columns is-layout-flex wp-container-core-columns-is-layout-9d6595d7 wp-block-columns-is-layout-flex\">\n<div class=\"wp-block-column is-layout-flow wp-block-column-is-layout-flow\" style=\"flex-basis:25%\">\n<div class=\"wp-block-cover is-light\"><img loading=\"lazy\" decoding=\"async\" width=\"6912\" height=\"3456\" class=\"wp-block-cover__image-background wp-image-2519\" alt=\"\" src=\"http:\/\/emmaus-nordalsace.fr\/wp-content\/uploads\/2021\/07\/Fond-emmaus-2.png\" data-object-fit=\"cover\" srcset=\"https:\/\/www.emmaus-nordalsace.fr\/wp-content\/uploads\/2021\/07\/Fond-emmaus-2.png 6912w, https:\/\/www.emmaus-nordalsace.fr\/wp-content\/uploads\/2021\/07\/Fond-emmaus-2-300x150.png 300w, https:\/\/www.emmaus-nordalsace.fr\/wp-content\/uploads\/2021\/07\/Fond-emmaus-2-1024x512.png 1024w, https:\/\/www.emmaus-nordalsace.fr\/wp-content\/uploads\/2021\/07\/Fond-emmaus-2-768x384.png 768w, https:\/\/www.emmaus-nordalsace.fr\/wp-content\/uploads\/2021\/07\/Fond-emmaus-2-1536x768.png 1536w, https:\/\/www.emmaus-nordalsace.fr\/wp-content\/uploads\/2021\/07\/Fond-emmaus-2-2048x1024.png 2048w\" sizes=\"auto, (max-width: 6912px) 100vw, 6912px\" \/><span aria-hidden=\"true\" class=\"wp-block-cover__background has-background-dim-0 has-background-dim\"><\/span><div class=\"wp-block-cover__inner-container is-layout-flow wp-block-cover-is-layout-flow\">\n<h3 class=\"wp-block-heading has-text-align-center has-nv-site-bg-color has-text-color\" id=\"block-8480daba-0387-4c94-bf26-9043e62bc499\" style=\"font-size:23px\">Emma\u00fcs HAGUENAU<\/h3>\n\n\n\n<p class=\"has-text-align-center has-nv-site-bg-color has-text-color has-medium-font-size\" id=\"block-06419c76-90cb-4d99-a362-32e7106b997b\">99 route de Bischwiller&nbsp;<br>67500 Haguenau<\/p>\n\n\n\n<p class=\"has-text-align-center has-nv-site-bg-color has-text-color has-medium-font-size\" id=\"block-d9c04f3b-b3a3-4b5c-b5cf-8c00a0eee2ac\"><a href=\"https:\/\/www.google.com\/search?q=emmaus+haguenau+horaire&amp;rlz=1C1YTUH_frFR954FR954&amp;oq=emmaus+hagu&amp;aqs=chrome.0.0l2j46i175i199i433j69i57j0j69i60j69i61j69i60.2301j0j7&amp;sourceid=chrome&amp;ie=UTF-8#\" target=\"_blank\" rel=\"noreferrer noopener\">03 88 53 80 33<\/a><\/p>\n<\/div><\/div>\n<\/div>\n\n\n\n<div class=\"wp-block-column is-vertically-aligned-center is-layout-flow wp-block-column-is-layout-flow\" style=\"flex-basis:50%\">\n<iframe src=\"https:\/\/www.google.com\/maps\/embed?pb=!1m18!1m12!1m3!1d2628.191351027072!2d7.821346251569307!3d48.79732647917986!2m3!1f0!2f0!3f0!3m2!1i1024!2i768!4f13.1!3m3!1m2!1s0x4796ea5e6ae82a2f%3A0xa81dd2810bf110f5!2s99%20Route%20de%20Bischwiller%2C%2067500%20Haguenau!5e0!3m2!1sfr!2sfr!4v1625133115351!5m2!1sfr!2sfr\" style=\"border:0;\" allowfullscreen=\"\" loading=\"lazy\" width=\"600\" height=\"450\"><\/iframe>\n<\/div>\n\n\n\n<div class=\"wp-block-column is-layout-flow wp-block-column-is-layout-flow\" style=\"flex-basis:25%\">\n<div class=\"wp-block-cover is-light\" style=\"min-height:552px;aspect-ratio:unset;\"><img loading=\"lazy\" decoding=\"async\" width=\"6912\" height=\"3456\" class=\"wp-block-cover__image-background wp-image-2519\" alt=\"\" src=\"http:\/\/emmaus-nordalsace.fr\/wp-content\/uploads\/2021\/07\/Fond-emmaus-2.png\" data-object-fit=\"cover\" srcset=\"https:\/\/www.emmaus-nordalsace.fr\/wp-content\/uploads\/2021\/07\/Fond-emmaus-2.png 6912w, https:\/\/www.emmaus-nordalsace.fr\/wp-content\/uploads\/2021\/07\/Fond-emmaus-2-300x150.png 300w, https:\/\/www.emmaus-nordalsace.fr\/wp-content\/uploads\/2021\/07\/Fond-emmaus-2-1024x512.png 1024w, https:\/\/www.emmaus-nordalsace.fr\/wp-content\/uploads\/2021\/07\/Fond-emmaus-2-768x384.png 768w, https:\/\/www.emmaus-nordalsace.fr\/wp-content\/uploads\/2021\/07\/Fond-emmaus-2-1536x768.png 1536w, https:\/\/www.emmaus-nordalsace.fr\/wp-content\/uploads\/2021\/07\/Fond-emmaus-2-2048x1024.png 2048w\" sizes=\"auto, (max-width: 6912px) 100vw, 6912px\" \/><span aria-hidden=\"true\" class=\"wp-block-cover__background has-background-dim-0 has-background-dim\"><\/span><div class=\"wp-block-cover__inner-container is-layout-flow wp-block-cover-is-layout-flow\">\n<h2 class=\"wp-block-heading has-text-align-center has-nv-site-bg-color has-text-color\" style=\"font-size:23px\">Horaires d\u2019ouverture<\/h2>\n\n\n\n<p class=\"has-text-align-center has-nv-site-bg-color has-text-color has-medium-font-size\">Du mardi au vendredi: 14h-17h<\/p>\n\n\n\n<p class=\"has-text-align-center has-nv-site-bg-color has-text-color has-medium-font-size\">Samedi: 10h-12h \/ 14h- 17h<\/p>\n\n\n\n<p class=\"has-text-align-center has-nv-site-bg-color has-text-color has-medium-font-size\"><strong>Horaires de d\u00e9p\u00f4t<\/strong><\/p>\n\n\n\n<p class=\"has-text-align-center has-nv-site-bg-color has-text-color has-medium-font-size\">Du mardi au samedi: 8h-12h \/ 13h30-17h<\/p>\n\n\n\n<p class=\"has-text-align-center\"><strong><mark style=\"background-color:rgba(0, 0, 0, 0);color:#ec33b8\" class=\"has-inline-color\">Ferm\u00e9 les jours f\u00e9ri\u00e9s<\/mark><\/strong><\/p>\n<\/div><\/div>\n<\/div>\n<\/div>\n\n\n\n<div style=\"height:100px\" aria-hidden=\"true\" class=\"wp-block-spacer\"><\/div>\n\n\n\n<h2 class=\"wp-block-heading has-text-align-center has-text-color has-x-large-font-size\" style=\"color:#4c4f50\">EMMA\u00dcS SAVERNE<\/h2>\n\n\n\n<div class=\"wp-block-columns is-layout-flex wp-container-core-columns-is-layout-9d6595d7 wp-block-columns-is-layout-flex\">\n<div class=\"wp-block-column is-layout-flow wp-block-column-is-layout-flow\" style=\"flex-basis:25%\">\n<div class=\"wp-block-cover is-light\"><img loading=\"lazy\" decoding=\"async\" width=\"6912\" height=\"3456\" class=\"wp-block-cover__image-background wp-image-2519\" alt=\"\" src=\"https:\/\/emmaus-nordalsace.fr\/wp-content\/uploads\/2021\/07\/Fond-emmaus-2.png\" data-object-fit=\"cover\" srcset=\"https:\/\/www.emmaus-nordalsace.fr\/wp-content\/uploads\/2021\/07\/Fond-emmaus-2.png 6912w, https:\/\/www.emmaus-nordalsace.fr\/wp-content\/uploads\/2021\/07\/Fond-emmaus-2-300x150.png 300w, https:\/\/www.emmaus-nordalsace.fr\/wp-content\/uploads\/2021\/07\/Fond-emmaus-2-1024x512.png 1024w, https:\/\/www.emmaus-nordalsace.fr\/wp-content\/uploads\/2021\/07\/Fond-emmaus-2-768x384.png 768w, https:\/\/www.emmaus-nordalsace.fr\/wp-content\/uploads\/2021\/07\/Fond-emmaus-2-1536x768.png 1536w, https:\/\/www.emmaus-nordalsace.fr\/wp-content\/uploads\/2021\/07\/Fond-emmaus-2-2048x1024.png 2048w\" sizes=\"auto, (max-width: 6912px) 100vw, 6912px\" \/><span aria-hidden=\"true\" class=\"wp-block-cover__background has-background-dim-0 has-background-dim\"><\/span><div class=\"wp-block-cover__inner-container is-layout-flow wp-block-cover-is-layout-flow\">\n<h2 class=\"wp-block-heading has-text-align-center has-nv-light-bg-color has-text-color\" style=\"font-size:23px\">Emma\u00fcs SAVERNE<\/h2>\n\n\n\n<p class=\"has-text-align-center has-nv-site-bg-color has-text-color has-medium-font-size\">10 rue Goldenberg&nbsp;<br>67700 Saverne<\/p>\n\n\n\n<p class=\"has-text-align-center has-nv-light-bg-color has-text-color has-medium-font-size\"><a href=\"https:\/\/www.google.com\/search?q=emmaus+saverne&amp;rlz=1C1YTUH_frFR954FR954&amp;oq=emmaus+saverne&amp;aqs=chrome..69i57j46i175i199j0l2j0i22i30j69i60j69i61j69i60.3585j0j7&amp;sourceid=chrome&amp;ie=UTF-8#\" target=\"_blank\" rel=\"noreferrer noopener\">03 88 91 34 71<\/a><\/p>\n<\/div><\/div>\n<\/div>\n\n\n\n<div class=\"wp-block-column is-vertically-aligned-center is-layout-flow wp-block-column-is-layout-flow\" style=\"flex-basis:50%\">\n<iframe src=\"https:\/\/www.google.com\/maps\/embed?pb=!1m18!1m12!1m3!1d782.1536456683538!2d7.375946095742733!3d48.746738039460276!2m3!1f0!2f0!3f0!3m2!1i1024!2i768!4f13.1!3m3!1m2!1s0x4796a095c54cbabb%3A0x2a787ff05f1540af!2s10%20Rue%20Gustave%20Goldenberg%2C%2067700%20Saverne!5e0!3m2!1sfr!2sfr!4v1625138688707!5m2!1sfr!2sfr\" style=\"border:0;\" allowfullscreen=\"\" loading=\"lazy\" width=\"600\" height=\"450\"><\/iframe>\n<\/div>\n\n\n\n<div class=\"wp-block-column is-layout-flow wp-block-column-is-layout-flow\" style=\"flex-basis:25%\">\n<div class=\"wp-block-cover is-light\" style=\"min-height:553px;aspect-ratio:unset;\"><img loading=\"lazy\" decoding=\"async\" width=\"6912\" height=\"3456\" class=\"wp-block-cover__image-background wp-image-2519\" alt=\"\" src=\"http:\/\/emmaus-nordalsace.fr\/wp-content\/uploads\/2021\/07\/Fond-emmaus-2.png\" style=\"object-position:50% 56%\" data-object-fit=\"cover\" data-object-position=\"50% 56%\" srcset=\"https:\/\/www.emmaus-nordalsace.fr\/wp-content\/uploads\/2021\/07\/Fond-emmaus-2.png 6912w, https:\/\/www.emmaus-nordalsace.fr\/wp-content\/uploads\/2021\/07\/Fond-emmaus-2-300x150.png 300w, https:\/\/www.emmaus-nordalsace.fr\/wp-content\/uploads\/2021\/07\/Fond-emmaus-2-1024x512.png 1024w, https:\/\/www.emmaus-nordalsace.fr\/wp-content\/uploads\/2021\/07\/Fond-emmaus-2-768x384.png 768w, https:\/\/www.emmaus-nordalsace.fr\/wp-content\/uploads\/2021\/07\/Fond-emmaus-2-1536x768.png 1536w, https:\/\/www.emmaus-nordalsace.fr\/wp-content\/uploads\/2021\/07\/Fond-emmaus-2-2048x1024.png 2048w\" sizes=\"auto, (max-width: 6912px) 100vw, 6912px\" \/><span aria-hidden=\"true\" class=\"wp-block-cover__background has-background-dim-0 has-background-dim\"><\/span><div class=\"wp-block-cover__inner-container is-layout-flow wp-block-cover-is-layout-flow\">\n<h2 class=\"wp-block-heading has-text-align-center has-nv-light-bg-color has-text-color\" style=\"font-size:23px\">Horaires d&rsquo;ouverture<\/h2>\n\n\n\n<p class=\"has-text-align-center has-nv-site-bg-color has-text-color has-medium-font-size\">Du mardi au vendredi: 14h-17h <\/p>\n\n\n\n<p class=\"has-text-align-center has-nv-site-bg-color has-text-color has-medium-font-size\">Samedi: 10h-12h \/ 14h-17h<\/p>\n\n\n\n<h2 class=\"wp-block-heading has-text-align-center has-nv-light-bg-color has-text-color\" style=\"font-size:23px\">Horaires de d\u00e9p\u00f4t<\/h2>\n\n\n\n<p class=\"has-text-align-center has-nv-light-bg-color has-text-color has-medium-font-size\">Du mardi au samedi: 8h-12h &amp; 13h30-17h<\/p>\n\n\n\n<p class=\"has-text-align-center\"><mark style=\"background-color:rgba(0, 0, 0, 0);color:#f261a6\" class=\"has-inline-color\"><strong>Ferm\u00e9 les jours f\u00e9ri\u00e9s<\/strong><\/mark><\/p>\n<\/div><\/div>\n<\/div>\n<\/div>\n\n\n\n<div style=\"height:100px\" aria-hidden=\"true\" class=\"wp-block-spacer\"><\/div>\n\n\n\n<p><\/p>\n","protected":false},"excerpt":{"rendered":"<p>Acc\u00e8s EMMA\u00dcS HAGUENAU EMMA\u00dcS SAVERNE<\/p>\n","protected":false},"author":1,"featured_media":0,"parent":0,"menu_order":0,"comment_status":"closed","ping_status":"closed","template":"","meta":{"neve_meta_sidebar":"","neve_meta_container":"","neve_meta_enable_content_width":"","neve_meta_content_width":0,"neve_meta_title_alignment":"left","neve_meta_author_avatar":"","neve_post_elements_order":"","neve_meta_disable_header":"","neve_meta_disable_footer":"","neve_meta_disable_title":"on","_themeisle_gutenberg_block_has_review":false,"footnotes":""},"class_list":["post-1091","page","type-page","status-publish","hentry"],"jetpack_sharing_enabled":true,"_links":{"self":[{"href":"https:\/\/www.emmaus-nordalsace.fr\/index.php?rest_route=\/wp\/v2\/pages\/1091","targetHints":{"allow":["GET"]}}],"collection":[{"href":"https:\/\/www.emmaus-nordalsace.fr\/index.php?rest_route=\/wp\/v2\/pages"}],"about":[{"href":"https:\/\/www.emmaus-nordalsace.fr\/index.php?rest_route=\/wp\/v2\/types\/page"}],"author":[{"embeddable":true,"href":"https:\/\/www.emmaus-nordalsace.fr\/index.php?rest_route=\/wp\/v2\/users\/1"}],"replies":[{"embeddable":true,"href":"https:\/\/www.emmaus-nordalsace.fr\/index.php?rest_route=%2Fwp%2Fv2%2Fcomments&post=1091"}],"version-history":[{"count":53,"href":"https:\/\/www.emmaus-nordalsace.fr\/index.php?rest_route=\/wp\/v2\/pages\/1091\/revisions"}],"predecessor-version":[{"id":6090,"href":"https:\/\/www.emmaus-nordalsace.fr\/index.php?rest_route=\/wp\/v2\/pages\/1091\/revisions\/6090"}],"wp:attachment":[{"href":"https:\/\/www.emmaus-nordalsace.fr\/index.php?rest_route=%2Fwp%2Fv2%2Fmedia&parent=1091"}],"curies":[{"name":"wp","href":"https:\/\/api.w.org\/{rel}","templated":true}]}}