{"id":103,"date":"2020-11-10T11:23:51","date_gmt":"2020-11-10T10:23:51","guid":{"rendered":"https:\/\/testemmaushagsav.wordpress.com\/?page_id=103"},"modified":"2025-01-27T09:31:02","modified_gmt":"2025-01-27T08:31:02","slug":"les-communautes","status":"publish","type":"page","link":"https:\/\/www.emmaus-nordalsace.fr\/?page_id=103","title":{"rendered":"Le mouvement Emma\u00fcs"},"content":{"rendered":"\n<div class=\"wp-block-columns is-layout-flex wp-container-core-columns-is-layout-9d6595d7 wp-block-columns-is-layout-flex\">\n<div class=\"wp-block-column is-layout-flow wp-block-column-is-layout-flow\" style=\"flex-basis:100%\">\n<div style=\"height:90px\" aria-hidden=\"true\" class=\"wp-block-spacer\"><\/div>\n\n\n\n<h2 class=\"wp-block-heading has-text-color has-x-large-font-size\" style=\"color:#4c4f50\">Le mouvement <\/h2>\n<\/div>\n<\/div>\n\n\n\n<div class=\"wp-block-buttons is-horizontal is-content-justification-center is-layout-flex wp-container-core-buttons-is-layout-499968f5 wp-block-buttons-is-layout-flex\">\n<div class=\"wp-block-button has-custom-width wp-block-button__width-100 has-custom-font-size has-medium-font-size\"><a class=\"wp-block-button__link has-background wp-element-button\" href=\"https:\/\/emmaus-france.org\/\" style=\"background-color:#14387f\" target=\"_blank\" rel=\"noreferrer noopener\">EMMA\u00dcS FRANCE<\/a><\/div>\n<\/div>\n\n\n\n<div style=\"height:78px\" aria-hidden=\"true\" class=\"wp-block-spacer\"><\/div>\n\n\n\n<div class=\"wp-block-columns is-layout-flex wp-container-core-columns-is-layout-9d6595d7 wp-block-columns-is-layout-flex\">\n<div class=\"wp-block-column is-layout-flow wp-block-column-is-layout-flow\">\n<div class=\"wp-block-cover is-light\"><span aria-hidden=\"true\" class=\"wp-block-cover__background has-background-dim-20 has-background-dim\" style=\"background-color:#009fe3\"><\/span><img loading=\"lazy\" decoding=\"async\" width=\"626\" height=\"417\" class=\"wp-block-cover__image-background wp-image-2547\" alt=\"\" src=\"http:\/\/emmaus-nordalsace.fr\/wp-content\/uploads\/2021\/07\/texture-elegante-fond-blanc_23-2148438405-1.jpg\" data-object-fit=\"cover\" srcset=\"https:\/\/www.emmaus-nordalsace.fr\/wp-content\/uploads\/2021\/07\/texture-elegante-fond-blanc_23-2148438405-1.jpg 626w, https:\/\/www.emmaus-nordalsace.fr\/wp-content\/uploads\/2021\/07\/texture-elegante-fond-blanc_23-2148438405-1-300x200.jpg 300w\" sizes=\"auto, (max-width: 626px) 100vw, 626px\" \/><div class=\"wp-block-cover__inner-container is-layout-flow wp-block-cover-is-layout-flow\">\n<p class=\"has-text-align-center has-text-color has-large-font-size\" style=\"color:#14387f\"><strong>Notre identit\u00e9<\/strong><\/p>\n\n\n\n<p><\/p>\n\n\n<div class=\"wp-block-image\">\n<figure class=\"aligncenter size-full\"><img loading=\"lazy\" decoding=\"async\" width=\"128\" height=\"128\" src=\"https:\/\/www.emmaus-nordalsace.fr\/wp-content\/uploads\/2021\/08\/PIcto-bleu.png\" alt=\"\" class=\"wp-image-2648\" srcset=\"https:\/\/www.emmaus-nordalsace.fr\/wp-content\/uploads\/2021\/08\/PIcto-bleu.png 128w, https:\/\/www.emmaus-nordalsace.fr\/wp-content\/uploads\/2021\/08\/PIcto-bleu-24x24.png 24w, https:\/\/www.emmaus-nordalsace.fr\/wp-content\/uploads\/2021\/08\/PIcto-bleu-36x36.png 36w, https:\/\/www.emmaus-nordalsace.fr\/wp-content\/uploads\/2021\/08\/PIcto-bleu-48x48.png 48w\" sizes=\"auto, (max-width: 128px) 100vw, 128px\" \/><\/figure>\n<\/div>\n\n\n<p class=\"has-text-color\" style=\"color:#14387f\">Emma\u00fcs est n\u00e9 il y a 76 ans pour trouver, avec les personnes victimes de ph\u00e9nom\u00e8nes d\u2019exclusion, les solutions qui leur&nbsp;permettent de redevenir acteur de leur vie. Fid\u00e8le \u00e0 la volont\u00e9 de l\u2019abb\u00e9 Pierre, Emma\u00fcs est devenu \u00e0 la fois une fabrique d\u2019innovations sociales et de solidarit\u00e9s pour aider des publics en situation de grande pr\u00e9carit\u00e9, et un front engag\u00e9 et militant en faveur d\u2019une soci\u00e9t\u00e9 plus humaine et plus juste. Notre mouvement solidaire et innovant est un acteur incontournable de la lutte contre la pauvret\u00e9.<\/p>\n<\/div><\/div>\n<\/div>\n\n\n\n<div class=\"wp-block-column is-layout-flow wp-block-column-is-layout-flow\">\n<div class=\"wp-block-cover is-light\"><span aria-hidden=\"true\" class=\"wp-block-cover__background has-background-dim-40 has-background-dim\" style=\"background-color:#ffed00\"><\/span><img loading=\"lazy\" decoding=\"async\" width=\"626\" height=\"417\" class=\"wp-block-cover__image-background wp-image-2547\" alt=\"\" src=\"http:\/\/emmaus-nordalsace.fr\/wp-content\/uploads\/2021\/07\/texture-elegante-fond-blanc_23-2148438405-1.jpg\" data-object-fit=\"cover\" srcset=\"https:\/\/www.emmaus-nordalsace.fr\/wp-content\/uploads\/2021\/07\/texture-elegante-fond-blanc_23-2148438405-1.jpg 626w, https:\/\/www.emmaus-nordalsace.fr\/wp-content\/uploads\/2021\/07\/texture-elegante-fond-blanc_23-2148438405-1-300x200.jpg 300w\" sizes=\"auto, (max-width: 626px) 100vw, 626px\" \/><div class=\"wp-block-cover__inner-container is-layout-flow wp-block-cover-is-layout-flow\">\n<p class=\"has-text-align-center has-text-color has-large-font-size\" style=\"color:#14387f\"><strong>Notre organisation<\/strong><\/p>\n\n\n\n<p><\/p>\n\n\n<div class=\"wp-block-image\">\n<figure class=\"aligncenter size-full\"><img loading=\"lazy\" decoding=\"async\" width=\"128\" height=\"128\" src=\"https:\/\/emmaus-nordalsace.fr\/wp-content\/uploads\/2021\/07\/orga-bleu-1.png\" alt=\"\" class=\"wp-image-2594\"\/><\/figure>\n<\/div>\n\n\n<p class=\"has-text-color\" style=\"color:#14387f\">Emma\u00fcs France, association loi 1901, f\u00e9d\u00e8re 299 groupes en France et compte aujourd\u2019hui plus de 30 000 personnes en France : compagnons, b\u00e9n\u00e9voles, salari\u00e9s en insertion, personnes accueillies\u2026 Il existe diff\u00e9rents types de structures au sein du Mouvement, pour proposer une r\u00e9ponse adapt\u00e9e et sur mesure \u00e0 chaque situation: communaut\u00e9s, structures d&rsquo;action sociale et de logement, SOS Familles Emma\u00fcs, comit\u00e9s d\u2019amis et structures d\u2019insertion.<\/p>\n<\/div><\/div>\n<\/div>\n\n\n\n<div class=\"wp-block-column is-layout-flow wp-block-column-is-layout-flow\">\n<div class=\"wp-block-cover is-light\"><span aria-hidden=\"true\" class=\"wp-block-cover__background has-background-dim-30 has-background-dim\" style=\"background-color:#e83185\"><\/span><img loading=\"lazy\" decoding=\"async\" width=\"733\" height=\"490\" class=\"wp-block-cover__image-background wp-image-2500\" alt=\"\" src=\"https:\/\/emmaus-nordalsace.fr\/wp-content\/uploads\/2021\/07\/622728-fond-blanc-vague-de-lait-on-dirait-doux-comme-un-vetement-blanc-qui-balance-vectoriel.jpg\" data-object-fit=\"cover\" srcset=\"https:\/\/www.emmaus-nordalsace.fr\/wp-content\/uploads\/2021\/07\/622728-fond-blanc-vague-de-lait-on-dirait-doux-comme-un-vetement-blanc-qui-balance-vectoriel.jpg 733w, https:\/\/www.emmaus-nordalsace.fr\/wp-content\/uploads\/2021\/07\/622728-fond-blanc-vague-de-lait-on-dirait-doux-comme-un-vetement-blanc-qui-balance-vectoriel-300x201.jpg 300w\" sizes=\"auto, (max-width: 733px) 100vw, 733px\" \/><div class=\"wp-block-cover__inner-container is-layout-flow wp-block-cover-is-layout-flow\">\n<p class=\"has-text-align-center has-text-color has-large-font-size\" style=\"color:#14387f\"><strong>Nos valeurs<\/strong><\/p>\n\n\n\n<p><\/p>\n\n\n<div class=\"wp-block-image\">\n<figure class=\"aligncenter size-thumbnail is-resized\"><img loading=\"lazy\" decoding=\"async\" width=\"150\" height=\"150\" src=\"https:\/\/emmaus-nordalsace.fr\/wp-content\/uploads\/2021\/07\/Nos-valeurs-en-bleu-150x150.png\" alt=\"\" class=\"wp-image-2601\" style=\"width:128px;height:128px\" srcset=\"https:\/\/www.emmaus-nordalsace.fr\/wp-content\/uploads\/2021\/07\/Nos-valeurs-en-bleu-150x150.png 150w, https:\/\/www.emmaus-nordalsace.fr\/wp-content\/uploads\/2021\/07\/Nos-valeurs-en-bleu-300x300.png 300w, https:\/\/www.emmaus-nordalsace.fr\/wp-content\/uploads\/2021\/07\/Nos-valeurs-en-bleu.png 512w\" sizes=\"auto, (max-width: 150px) 100vw, 150px\" \/><\/figure>\n<\/div>\n\n\n<p class=\"has-text-color\" style=\"color:#14387f\">Accueil inconditionnel, autonomie par l&rsquo;activit\u00e9, d\u00e9veloppement durable &amp; solidarit\u00e9. Dans une soci\u00e9t\u00e9 largement domin\u00e9e par le profit, l\u2019individualisme et le consum\u00e9risme, les valeurs qui animent le Mouvement sont avant tout humanistes. Elles placent le projet social et la solidarit\u00e9 bien avant la logique \u00e9conomique. Loin des dispositifs traditionnels de charit\u00e9 et d\u2019assistanat, la possibilit\u00e9 pour chacun de prendre sa vie en main et la dignit\u00e9 sont les leviers du mod\u00e8le Emma\u00fcs pour remettre debout les accident\u00e9s de la vie.<\/p>\n<\/div><\/div>\n<\/div>\n<\/div>\n","protected":false},"excerpt":{"rendered":"<p>Le mouvement<\/p>\n","protected":false},"author":1,"featured_media":0,"parent":0,"menu_order":0,"comment_status":"closed","ping_status":"closed","template":"","meta":{"neve_meta_sidebar":"","neve_meta_container":"contained","neve_meta_enable_content_width":"off","neve_meta_content_width":70,"neve_meta_title_alignment":"","neve_meta_author_avatar":"","neve_post_elements_order":"","neve_meta_disable_header":"","neve_meta_disable_footer":"","neve_meta_disable_title":"on","_themeisle_gutenberg_block_has_review":false,"footnotes":""},"class_list":["post-103","page","type-page","status-publish","hentry"],"jetpack_sharing_enabled":true,"_links":{"self":[{"href":"https:\/\/www.emmaus-nordalsace.fr\/index.php?rest_route=\/wp\/v2\/pages\/103","targetHints":{"allow":["GET"]}}],"collection":[{"href":"https:\/\/www.emmaus-nordalsace.fr\/index.php?rest_route=\/wp\/v2\/pages"}],"about":[{"href":"https:\/\/www.emmaus-nordalsace.fr\/index.php?rest_route=\/wp\/v2\/types\/page"}],"author":[{"embeddable":true,"href":"https:\/\/www.emmaus-nordalsace.fr\/index.php?rest_route=\/wp\/v2\/users\/1"}],"replies":[{"embeddable":true,"href":"https:\/\/www.emmaus-nordalsace.fr\/index.php?rest_route=%2Fwp%2Fv2%2Fcomments&post=103"}],"version-history":[{"count":50,"href":"https:\/\/www.emmaus-nordalsace.fr\/index.php?rest_route=\/wp\/v2\/pages\/103\/revisions"}],"predecessor-version":[{"id":5419,"href":"https:\/\/www.emmaus-nordalsace.fr\/index.php?rest_route=\/wp\/v2\/pages\/103\/revisions\/5419"}],"wp:attachment":[{"href":"https:\/\/www.emmaus-nordalsace.fr\/index.php?rest_route=%2Fwp%2Fv2%2Fmedia&parent=103"}],"curies":[{"name":"wp","href":"https:\/\/api.w.org\/{rel}","templated":true}]}}